{"id":2539,"date":"2014-09-29T13:57:07","date_gmt":"2014-09-29T11:57:07","guid":{"rendered":"http:\/\/firmenverzeichnis.umwelt-online.biz\/wordpress\/?page_id=2539"},"modified":"2014-10-01T13:22:51","modified_gmt":"2014-10-01T11:22:51","slug":"nutzungsbedingungen","status":"publish","type":"page","link":"https:\/\/firmenverzeichnis.umwelt-online.biz\/wordpress\/nutzungsbedingungen\/","title":{"rendered":"Nutzungsbedingungen"},"content":{"rendered":"<p>Der lesende Zugriff \/ Suche nach Eintr\u00e4gen des Firmenverzeichnisses ist f\u00fcr jedermann m\u00f6glich und v\u00f6llig kostenlos.<\/p>\n<p>Um einen Eintrag zu erstellen, m\u00fcssen Sie ein aktives Jahresabo des Informationsdienstes umwelt-online (www.umwelt-online.de) der UWS Umweltmanagement GmbH besitzen. Dieser Service ist f\u00fcr die Inhaber eines aktiven Jahresabos umwelt-online v\u00f6llig kostenlos.<\/p>\n<p>Registrierungen ohne aktives Jahresabo werden gel\u00f6scht.<\/p>\n<p>Nach dem Ablauf des\u00a0 Jahresabos\u00a0 umwelt-online (<a href=\"http:\/\/www.umwelt-online.de\">www.umwelt-online.de<\/a>) beh\u00e4lt sich die UWS Umweltmanagement GmbH vor die zugeh\u00f6rigen Eintr\u00e4ge zu l\u00f6schen.<\/p>\n<p>Ein Anspruch des Nutzers auf Verf\u00fcgbarkeit des Dienstes besteht nicht.<\/p>\n<p>Pflichten des Nutzers<\/p>\n<p>Der Nutzer ist verpflichtet, die rechtlichen Vorschriften einzuhalten und Angebote und Dienste\u00a0 nicht zu rechtswidrigen Zwecken zu gebrauchen. Jede Verbreitung und \u00dcbermittlung rechtswidriger, insbesondere pornografischer, Gewalt verherrlichender, diskriminierender oder gegen die guten Sitten versto\u00dfender Inhalte ist untersagt. Die Angebote und Dienste nicht weiter ver\u00e4u\u00dfert werden.\u00a0 Handlungen des Nutzers, die geeignet sind, die Angebote und Dienste zu beintr\u00e4chtigen oder funktionsunt\u00fcchtig zu machen sind zu unterlassen.<\/p>\n<p>Der Nutzer ist verpflichtet, alle Sch\u00e4den zu ersetzen, welche aus einem schuldhaften Versto\u00df gegen die genannten Pflichten oder Rechte Dritter resultieren. Der Nutzer stellt die UWS Umweltmanagement GmbH von s\u00e4mtlichen Anspr\u00fcchen Dritter frei, welche aus diesem Versto\u00df resultieren, au\u00dfer er hat diesen Versto\u00df nicht zu vertreten.<\/p>\n<p>Die UWS Umweltmanagement GmbH\u00a0ist berechtigt, dem Nutzer den Zugang zu den Angeboten und Diensten bei einem Versto\u00df gegen diese Nutzungsbedingungen oder bei begr\u00fcndetem Verdacht eines Versto\u00dfes ohne weitere Ank\u00fcndigung und Begr\u00fcndung zu sperren.<\/p>\n<p>&nbsp;<\/p>\n<div id=\"themify_builder_content-2539\" data-postid=\"2539\" class=\"themify_builder_content themify_builder_content-2539 themify_builder themify_builder_front\">\n\n\t<\/div>\n<!-- \/themify_builder_content -->","protected":false},"excerpt":{"rendered":"<p>Der lesende Zugriff \/ Suche nach Eintr\u00e4gen des Firmenverzeichnisses ist f\u00fcr jedermann m\u00f6glich und v\u00f6llig kostenlos. Um einen Eintrag zu erstellen, m\u00fcssen Sie ein aktives Jahresabo des Informationsdienstes umwelt-online (www.umwelt-online.de) der UWS Umweltmanagement GmbH besitzen. Dieser Service ist f\u00fcr die Inhaber eines aktiven Jahresabos umwelt-online v\u00f6llig kostenlos. Registrierungen ohne aktives Jahresabo werden gel\u00f6scht. Nach dem [&hellip;]<\/p>\n","protected":false},"author":1,"featured_media":0,"parent":0,"menu_order":99,"comment_status":"closed","ping_status":"open","template":"","meta":{"footnotes":""},"_links":{"self":[{"href":"https:\/\/firmenverzeichnis.umwelt-online.biz\/wordpress\/wp-json\/wp\/v2\/pages\/2539"}],"collection":[{"href":"https:\/\/firmenverzeichnis.umwelt-online.biz\/wordpress\/wp-json\/wp\/v2\/pages"}],"about":[{"href":"https:\/\/firmenverzeichnis.umwelt-online.biz\/wordpress\/wp-json\/wp\/v2\/types\/page"}],"author":[{"embeddable":true,"href":"https:\/\/firmenverzeichnis.umwelt-online.biz\/wordpress\/wp-json\/wp\/v2\/users\/1"}],"replies":[{"embeddable":true,"href":"https:\/\/firmenverzeichnis.umwelt-online.biz\/wordpress\/wp-json\/wp\/v2\/comments?post=2539"}],"version-history":[{"count":7,"href":"https:\/\/firmenverzeichnis.umwelt-online.biz\/wordpress\/wp-json\/wp\/v2\/pages\/2539\/revisions"}],"predecessor-version":[{"id":2655,"href":"https:\/\/firmenverzeichnis.umwelt-online.biz\/wordpress\/wp-json\/wp\/v2\/pages\/2539\/revisions\/2655"}],"wp:attachment":[{"href":"https:\/\/firmenverzeichnis.umwelt-online.biz\/wordpress\/wp-json\/wp\/v2\/media?parent=2539"}],"curies":[{"name":"wp","href":"https:\/\/api.w.org\/{rel}","templated":true}]}}