{"id":2375,"date":"2014-09-23T11:29:59","date_gmt":"2014-09-23T09:29:59","guid":{"rendered":"http:\/\/firmenverzeichnis.umwelt-online.biz\/wordpress\/?page_id=2375"},"modified":"2014-10-09T11:43:40","modified_gmt":"2014-10-09T09:43:40","slug":"impressum-datenschutz","status":"publish","type":"page","link":"https:\/\/firmenverzeichnis.umwelt-online.biz\/wordpress\/impressum-datenschutz\/","title":{"rendered":"Impressum \/ Datenschutz"},"content":{"rendered":"<p>&nbsp;<\/p>\n<h2>Impressum<\/h2>\n<p>&nbsp;<\/p>\n<blockquote><p><b>UWS Umweltmanagement GmbH<\/b><br \/>\nGrotendonker Str. 61<br \/>\n47626 KevelaerAmtsgericht Kleve HRB 9398<br \/>\nUSt-Id-Nr. DE 176 117 342<br \/>\nSt.-Nr.: Geldern 113\/5750\/1014<\/p>\n<p>Gesch\u00e4ftsf\u00fchrer: Dr. Wilfried Welzel<\/p>\n<p>Tel.: 02832 97938-35<br \/>\nFax: 02832 97938-39<br \/>\nservice(at)umwelt-online.de<\/p>\n<p>&nbsp;<\/p><\/blockquote>\n<h1>Datenschutzhinweis<\/h1>\n<p>Die Nutzung unseres Webangebots ist grunds\u00e4tzlich ohne Bekanntgabe personenbezogener Informationen m\u00f6glich.<\/p>\n<p>F\u00fcr Abo-Kunden gilt: F\u00fcr die Bereitstellung des Online-Angebots und Bearbeitung der Anfragen ben\u00f6tigen wir jedoch Ihre pers\u00f6nlichen Daten zur verifizierung des Nutzungsrechtes, diese werden entsprechend in unserem System gespeichert. Ihre personenbezogenen Daten werden nicht an Dritte weitergegeben. Es sei denn, wir sind hierzu von Gesetz wegen her berechtigt oder verpflichtet (so z.\u00a0B. wenn dieses von uns durch einen Gerichtsbeschluss oder zum Zwecke der Verhinderung von Betrug oder anderer Straftaten verlangt wird).<\/p>\n<p>Wenn Sie uns eine E-Mail senden, so wird diese f\u00fcr die Korrespondenz mit Ihnen verwandt. Im Falle von Newsletter-Abonnements wird f\u00fcr die Dauer des Abonnements Ihre E-Mail-Adresse gespeichert.<\/p>\n<p>Bei jedem Zugriff auf unsere Server werden Daten f\u00fcr statistische und Sicherungszwecke gespeichert. Wir erfassen hier lediglich f\u00fcr eine begrenzte Zeit die IP-Adresse Ihres Internet Service Providers, Datum und Uhrzeit sowie die Website, die Sie bei uns besuchen. Diese Daten werden ausschlie\u00dflich zur Verbesserung unseres Internetdienstes genutzt und nicht auf Sie zur\u00fcckf\u00fchrbar ausgewertet.<\/p>\n<p>Im Informationsangebot der umwelt-online und deren Subdomains werden teilweise JavaScript-Anwendungen verwendet um den Nutzungskomfort zu steigern. Die Verwendung dieser Funktionalit\u00e4ten kann durch Einstellung des Browsers vom jeweiligen Nutzer ausgeschaltet werden.<\/p>\n<p>Teilweise werden im Internet-Auftritt sog. Cookies eingesetzt, z. B. f\u00fcr die Identifikation von Benutzersitzungen. Die Speicherung dieser Cookies kann durch die Einstellung im Browser ausgeschaltet werden.<\/p>\n<h2>Webtracking mit Piwik<\/h2>\n<p>In Teilbereichen des Webauftritts der umwelt-online wird der Webanalysedienst Piwik verwendet. Piwik verwendet sog. &#8222;Cookies&#8220;, die auf dem Computer des Webseitenbesuchers gespeichert werden und uns eine Analyse der Benutzung der Webseite erm\u00f6glichen. Zu diesem Zweck werden die durch den Cookie erzeugten Nutzungsinformationen (einschlie\u00dflich der gek\u00fcrzten IP-Adresse) an unseren Server \u00fcbertragen und zu Nutzungsanalysezwecken gespeichert, was der Webseitenoptimierung dient. Die IP-Adresse des Webseitenbesuchers wird bei diesem Vorgang umgehend anonymisiert, so dass der Nutzer f\u00fcr uns anonym bleibt. Die durch den Cookie erzeugten Informationen \u00fcber die Benutzung dieser Webseite werden nicht an Dritte weitergegeben.<br \/>\n<iframe loading=\"lazy\" style=\"border: 0; height: 200px; width: 600px;\" src=\"https:\/\/analytics.umwelt-online.biz\/piwik\/index.php?module=CoreAdminHome&amp;action=optOut&amp;language=de\" width=\"300\" height=\"150\"><\/iframe><\/p>\n<p>Wird Ihnen die Auswahlbox nicht angezeigt oder l\u00e4sst sich der Harken nicht entfernen &#8211; klicken Sie bitte <a href=\"https:\/\/analytics.umwelt-online.biz\/piwik\/index.php?module=CoreAdminHome&amp;action=optOut&amp;language=de\" target=\"_blank\"><strong>hier<\/strong><\/a>.<\/p>\n<div id=\"themify_builder_content-2375\" data-postid=\"2375\" class=\"themify_builder_content themify_builder_content-2375 themify_builder themify_builder_front\">\n\n\t<\/div>\n<!-- \/themify_builder_content -->","protected":false},"excerpt":{"rendered":"<p>&nbsp; Impressum &nbsp; UWS Umweltmanagement GmbH Grotendonker Str. 61 47626 KevelaerAmtsgericht Kleve HRB 9398 USt-Id-Nr. DE 176 117 342 St.-Nr.: Geldern 113\/5750\/1014 Gesch\u00e4ftsf\u00fchrer: Dr. Wilfried Welzel Tel.: 02832 97938-35 Fax: 02832 97938-39 service(at)umwelt-online.de &nbsp; Datenschutzhinweis Die Nutzung unseres Webangebots ist grunds\u00e4tzlich ohne Bekanntgabe personenbezogener Informationen m\u00f6glich. F\u00fcr Abo-Kunden gilt: F\u00fcr die Bereitstellung des Online-Angebots und [&hellip;]<\/p>\n","protected":false},"author":1,"featured_media":0,"parent":0,"menu_order":9,"comment_status":"closed","ping_status":"open","template":"","meta":{"footnotes":""},"_links":{"self":[{"href":"https:\/\/firmenverzeichnis.umwelt-online.biz\/wordpress\/wp-json\/wp\/v2\/pages\/2375"}],"collection":[{"href":"https:\/\/firmenverzeichnis.umwelt-online.biz\/wordpress\/wp-json\/wp\/v2\/pages"}],"about":[{"href":"https:\/\/firmenverzeichnis.umwelt-online.biz\/wordpress\/wp-json\/wp\/v2\/types\/page"}],"author":[{"embeddable":true,"href":"https:\/\/firmenverzeichnis.umwelt-online.biz\/wordpress\/wp-json\/wp\/v2\/users\/1"}],"replies":[{"embeddable":true,"href":"https:\/\/firmenverzeichnis.umwelt-online.biz\/wordpress\/wp-json\/wp\/v2\/comments?post=2375"}],"version-history":[{"count":9,"href":"https:\/\/firmenverzeichnis.umwelt-online.biz\/wordpress\/wp-json\/wp\/v2\/pages\/2375\/revisions"}],"predecessor-version":[{"id":2723,"href":"https:\/\/firmenverzeichnis.umwelt-online.biz\/wordpress\/wp-json\/wp\/v2\/pages\/2375\/revisions\/2723"}],"wp:attachment":[{"href":"https:\/\/firmenverzeichnis.umwelt-online.biz\/wordpress\/wp-json\/wp\/v2\/media?parent=2375"}],"curies":[{"name":"wp","href":"https:\/\/api.w.org\/{rel}","templated":true}]}}